{"id":10,"date":"2021-06-11T14:41:25","date_gmt":"2021-06-11T14:41:25","guid":{"rendered":"https:\/\/peterteszary.com\/?page_id=10"},"modified":"2026-02-01T22:30:23","modified_gmt":"2026-02-01T20:30:23","slug":"hello","status":"publish","type":"page","link":"https:\/\/peterteszary.com\/en\/hello\/","title":{"rendered":"Hello"},"content":{"rendered":"","protected":false},"excerpt":{"rendered":"","protected":false},"author":1,"featured_media":0,"parent":0,"menu_order":0,"comment_status":"closed","ping_status":"closed","template":"","meta":{"slim_seo":{"title":"Tesz\u00e1ry P\u00e9ter &#124; Webfejleszt\u0151 \u00e9s Digit\u00e1lis Strat\u00e9ga KKV-knak &#124; peterteszary.com","description":"Ismerd meg Tesz\u00e1ry P\u00e9tert, a tapasztalt webfejleszt\u0151t \u00e9s digit\u00e1lis strat\u00e9g\u00e1t! Seg\u00edtek WordPress weboldal \u00e9s webshop \u00e9p\u00edt\u00e9s\u00e9ben, SEO optimaliz\u00e1l\u00e1sban. K\u00e9rj ingyenes konzult\u00e1ci\u00f3t!&quot;"},"footnotes":""},"class_list":["post-10","page","type-page","status-publish","hentry"],"meta_box":[],"_links":{"self":[{"href":"https:\/\/peterteszary.com\/en\/wp-json\/wp\/v2\/pages\/10","targetHints":{"allow":["GET"]}}],"collection":[{"href":"https:\/\/peterteszary.com\/en\/wp-json\/wp\/v2\/pages"}],"about":[{"href":"https:\/\/peterteszary.com\/en\/wp-json\/wp\/v2\/types\/page"}],"author":[{"embeddable":true,"href":"https:\/\/peterteszary.com\/en\/wp-json\/wp\/v2\/users\/1"}],"replies":[{"embeddable":true,"href":"https:\/\/peterteszary.com\/en\/wp-json\/wp\/v2\/comments?post=10"}],"version-history":[{"count":1,"href":"https:\/\/peterteszary.com\/en\/wp-json\/wp\/v2\/pages\/10\/revisions"}],"predecessor-version":[{"id":5365,"href":"https:\/\/peterteszary.com\/en\/wp-json\/wp\/v2\/pages\/10\/revisions\/5365"}],"wp:attachment":[{"href":"https:\/\/peterteszary.com\/en\/wp-json\/wp\/v2\/media?parent=10"}],"curies":[{"name":"wp","href":"https:\/\/api.w.org\/{rel}","templated":true}]}}