{"id":12,"date":"2021-06-11T14:41:35","date_gmt":"2021-06-11T12:41:35","guid":{"rendered":"https:\/\/peterteszary.com\/?page_id=12"},"modified":"2026-02-05T09:56:43","modified_gmt":"2026-02-05T07:56:43","slug":"referencia","status":"publish","type":"page","link":"https:\/\/peterteszary.com\/en\/referencia\/","title":{"rendered":"References"},"content":{"rendered":"","protected":false},"excerpt":{"rendered":"<p>Check out my reference page, where you can find my work so far and the opinions of my satisfied customers. Discover how I helped businesses with websites.<\/p>","protected":false},"author":1,"featured_media":0,"parent":0,"menu_order":0,"comment_status":"closed","ping_status":"closed","template":"","meta":{"slim_seo":{"title":"Referencia &#124; Weboldal \u00e9s Webshop &#124; peterteszary.com","description":"Tekintsd meg referenciaoldalamat, ahol eddigi munk\u00e1imat \u00e9s el\u00e9gedett \u00fcgyfeleim v\u00e9lem\u00e9nyeit tal\u00e1lod. Fedezd fel, hogy seg\u00edtettem v\u00e1llalkoz\u00e1soknak weboldalakkal."},"footnotes":""},"class_list":["post-12","page","type-page","status-publish","hentry"],"meta_box":[],"_links":{"self":[{"href":"https:\/\/peterteszary.com\/en\/wp-json\/wp\/v2\/pages\/12","targetHints":{"allow":["GET"]}}],"collection":[{"href":"https:\/\/peterteszary.com\/en\/wp-json\/wp\/v2\/pages"}],"about":[{"href":"https:\/\/peterteszary.com\/en\/wp-json\/wp\/v2\/types\/page"}],"author":[{"embeddable":true,"href":"https:\/\/peterteszary.com\/en\/wp-json\/wp\/v2\/users\/1"}],"replies":[{"embeddable":true,"href":"https:\/\/peterteszary.com\/en\/wp-json\/wp\/v2\/comments?post=12"}],"version-history":[{"count":2,"href":"https:\/\/peterteszary.com\/en\/wp-json\/wp\/v2\/pages\/12\/revisions"}],"predecessor-version":[{"id":5370,"href":"https:\/\/peterteszary.com\/en\/wp-json\/wp\/v2\/pages\/12\/revisions\/5370"}],"wp:attachment":[{"href":"https:\/\/peterteszary.com\/en\/wp-json\/wp\/v2\/media?parent=12"}],"curies":[{"name":"wp","href":"https:\/\/api.w.org\/{rel}","templated":true}]}}