{"id":14,"date":"2021-06-11T14:41:44","date_gmt":"2021-06-11T14:41:44","guid":{"rendered":"https:\/\/peterteszary.com\/?page_id=14"},"modified":"2025-12-27T22:29:47","modified_gmt":"2025-12-27T20:29:47","slug":"cikkek","status":"publish","type":"page","link":"https:\/\/peterteszary.com\/en\/cikkek\/","title":{"rendered":"Blog"},"content":{"rendered":"","protected":false},"excerpt":{"rendered":"<p>Professional posts on WordPress. Interesting facts, novelties, tips, tricks. <\/p>","protected":false},"author":1,"featured_media":0,"parent":0,"menu_order":0,"comment_status":"closed","ping_status":"closed","template":"","meta":{"slim_seo":{"title":"Blog &#124; Szakmai bejegyz\u00e9sek WordPress t\u00e9mak\u00f6rben &#124; peterteszary.com","description":"Szakmai bejegyz\u00e9sek WordPress t\u00e9mak\u00f6rben. \u00c9rdekess\u00e9gek, \u00fajdons\u00e1gok, tippek, tr\u00fckk\u00f6k."},"footnotes":""},"class_list":["post-14","page","type-page","status-publish","hentry"],"meta_box":[],"_links":{"self":[{"href":"https:\/\/peterteszary.com\/en\/wp-json\/wp\/v2\/pages\/14","targetHints":{"allow":["GET"]}}],"collection":[{"href":"https:\/\/peterteszary.com\/en\/wp-json\/wp\/v2\/pages"}],"about":[{"href":"https:\/\/peterteszary.com\/en\/wp-json\/wp\/v2\/types\/page"}],"author":[{"embeddable":true,"href":"https:\/\/peterteszary.com\/en\/wp-json\/wp\/v2\/users\/1"}],"replies":[{"embeddable":true,"href":"https:\/\/peterteszary.com\/en\/wp-json\/wp\/v2\/comments?post=14"}],"version-history":[{"count":0,"href":"https:\/\/peterteszary.com\/en\/wp-json\/wp\/v2\/pages\/14\/revisions"}],"wp:attachment":[{"href":"https:\/\/peterteszary.com\/en\/wp-json\/wp\/v2\/media?parent=14"}],"curies":[{"name":"wp","href":"https:\/\/api.w.org\/{rel}","templated":true}]}}