{"id":16,"date":"2021-06-11T14:41:53","date_gmt":"2021-06-11T14:41:53","guid":{"rendered":"https:\/\/peterteszary.com\/?page_id=16"},"modified":"2026-01-30T22:39:37","modified_gmt":"2026-01-30T20:39:37","slug":"kapcsolat","status":"publish","type":"page","link":"https:\/\/peterteszary.com\/en\/kapcsolat\/","title":{"rendered":"Contact"},"content":{"rendered":"","protected":false},"excerpt":{"rendered":"","protected":false},"author":1,"featured_media":0,"parent":0,"menu_order":0,"comment_status":"closed","ping_status":"closed","template":"","meta":{"slim_seo":{"title":"Kapcsolat &#124; K\u00e9rj Ingyenes Konzult\u00e1ci\u00f3t Weboldaladhoz &#124; peterteszary.com","description":"L\u00e9pj kapcsolatba velem ingyenes konzult\u00e1ci\u00f3\u00e9rt! K\u00e9rj szem\u00e9lyre szabott \u00e1raj\u00e1nlatot weboldal vagy webshop fejleszt\u00e9sre, SEO-ra vagy webdesignra. Gyors v\u00e1lasz, kock\u00e1zat n\u00e9lk\u00fcl."},"footnotes":""},"class_list":["post-16","page","type-page","status-publish","hentry"],"meta_box":[],"_links":{"self":[{"href":"https:\/\/peterteszary.com\/en\/wp-json\/wp\/v2\/pages\/16","targetHints":{"allow":["GET"]}}],"collection":[{"href":"https:\/\/peterteszary.com\/en\/wp-json\/wp\/v2\/pages"}],"about":[{"href":"https:\/\/peterteszary.com\/en\/wp-json\/wp\/v2\/types\/page"}],"author":[{"embeddable":true,"href":"https:\/\/peterteszary.com\/en\/wp-json\/wp\/v2\/users\/1"}],"replies":[{"embeddable":true,"href":"https:\/\/peterteszary.com\/en\/wp-json\/wp\/v2\/comments?post=16"}],"version-history":[{"count":5,"href":"https:\/\/peterteszary.com\/en\/wp-json\/wp\/v2\/pages\/16\/revisions"}],"predecessor-version":[{"id":5364,"href":"https:\/\/peterteszary.com\/en\/wp-json\/wp\/v2\/pages\/16\/revisions\/5364"}],"wp:attachment":[{"href":"https:\/\/peterteszary.com\/en\/wp-json\/wp\/v2\/media?parent=16"}],"curies":[{"name":"wp","href":"https:\/\/api.w.org\/{rel}","templated":true}]}}