{"id":2717,"date":"2024-01-18T10:31:51","date_gmt":"2024-01-18T08:31:51","guid":{"rendered":"https:\/\/peterteszary.com\/?page_id=2717"},"modified":"2026-01-22T22:10:14","modified_gmt":"2026-01-22T20:10:14","slug":"videok","status":"publish","type":"page","link":"https:\/\/peterteszary.com\/en\/videok\/","title":{"rendered":"Videos"},"content":{"rendered":"","protected":false},"excerpt":{"rendered":"<p>WordPress tutorials for everyone. Continuously updated content, useful knowledge from the WordPress ecosystem.<\/p>","protected":false},"author":1,"featured_media":0,"parent":0,"menu_order":0,"comment_status":"closed","ping_status":"closed","template":"","meta":{"slim_seo":{"title":"WordPress oktat\u00f3vide\u00f3k - peterteszary.com","description":"WordPress oktat\u00f3vide\u00f3k mindenki sz\u00e1m\u00e1ra. Folyamatosan friss\u00fcl\u0151 tartalom, hasznos tud\u00e1s a WordPress \u00f6kosziszt\u00e9m\u00e1b\u00f3l."},"footnotes":""},"class_list":["post-2717","page","type-page","status-publish","hentry"],"meta_box":[],"_links":{"self":[{"href":"https:\/\/peterteszary.com\/en\/wp-json\/wp\/v2\/pages\/2717","targetHints":{"allow":["GET"]}}],"collection":[{"href":"https:\/\/peterteszary.com\/en\/wp-json\/wp\/v2\/pages"}],"about":[{"href":"https:\/\/peterteszary.com\/en\/wp-json\/wp\/v2\/types\/page"}],"author":[{"embeddable":true,"href":"https:\/\/peterteszary.com\/en\/wp-json\/wp\/v2\/users\/1"}],"replies":[{"embeddable":true,"href":"https:\/\/peterteszary.com\/en\/wp-json\/wp\/v2\/comments?post=2717"}],"version-history":[{"count":0,"href":"https:\/\/peterteszary.com\/en\/wp-json\/wp\/v2\/pages\/2717\/revisions"}],"wp:attachment":[{"href":"https:\/\/peterteszary.com\/en\/wp-json\/wp\/v2\/media?parent=2717"}],"curies":[{"name":"wp","href":"https:\/\/api.w.org\/{rel}","templated":true}]}}