{"id":3060,"date":"2024-07-25T14:09:31","date_gmt":"2024-07-25T12:09:31","guid":{"rendered":"https:\/\/peterteszary.com\/?page_id=3060"},"modified":"2026-01-26T22:04:38","modified_gmt":"2026-01-26T20:04:38","slug":"wordpress-weboldalak-karbantartasa","status":"publish","type":"page","link":"https:\/\/peterteszary.com\/en\/wordpress-weboldalak-karbantartasa\/","title":{"rendered":"WordPress Website Maintenance"},"content":{"rendered":"","protected":false},"excerpt":{"rendered":"<p>Reliable WordPress maintenance services that ensure the security, freshness and smooth operation of your website. <\/p>","protected":false},"author":1,"featured_media":0,"parent":0,"menu_order":0,"comment_status":"closed","ping_status":"closed","template":"","meta":{"slim_seo":{"title":"WordPress weboldalak karbantart\u00e1sa - peterteszary.com","description":"WordPress weboldalak karbantart\u00e1sa. Az \u00c1ltal\u00e1nos Support csomagom egy komplett &#034;nyugalmi csomag&#034;, ami minden fontos karbantart\u00e1si feladatot lefed, hogy te az \u00fczletedre koncentr\u00e1lhass."},"footnotes":""},"class_list":["post-3060","page","type-page","status-publish","hentry"],"meta_box":[],"_links":{"self":[{"href":"https:\/\/peterteszary.com\/en\/wp-json\/wp\/v2\/pages\/3060","targetHints":{"allow":["GET"]}}],"collection":[{"href":"https:\/\/peterteszary.com\/en\/wp-json\/wp\/v2\/pages"}],"about":[{"href":"https:\/\/peterteszary.com\/en\/wp-json\/wp\/v2\/types\/page"}],"author":[{"embeddable":true,"href":"https:\/\/peterteszary.com\/en\/wp-json\/wp\/v2\/users\/1"}],"replies":[{"embeddable":true,"href":"https:\/\/peterteszary.com\/en\/wp-json\/wp\/v2\/comments?post=3060"}],"version-history":[{"count":0,"href":"https:\/\/peterteszary.com\/en\/wp-json\/wp\/v2\/pages\/3060\/revisions"}],"wp:attachment":[{"href":"https:\/\/peterteszary.com\/en\/wp-json\/wp\/v2\/media?parent=3060"}],"curies":[{"name":"wp","href":"https:\/\/api.w.org\/{rel}","templated":true}]}}