{"id":3275,"date":"2024-07-25T15:51:26","date_gmt":"2024-07-25T13:51:26","guid":{"rendered":"https:\/\/peterteszary.com\/?page_id=3275"},"modified":"2026-01-22T21:43:56","modified_gmt":"2026-01-22T19:43:56","slug":"wordpress-fogalomtar","status":"publish","type":"page","link":"https:\/\/peterteszary.com\/en\/wordpress-fogalomtar\/","title":{"rendered":"WordPress glossary"},"content":{"rendered":"","protected":false},"excerpt":{"rendered":"<p>A small glossary full of WordPress concepts. This can help if you are lost in special names. Just type in the keyword and search.<\/p>","protected":false},"author":1,"featured_media":0,"parent":0,"menu_order":0,"comment_status":"closed","ping_status":"closed","template":"","meta":{"slim_seo":{"title":"WordPress fogalomt\u00e1r - peterteszary.com","description":"Egy apr\u00f3 fogalomt\u00e1r tele WordPress fogalmakkal. Ez seg\u00edthet ha elveszt\u00e9l a speci\u00e1lis elnevez\u00e9sek k\u00f6z\u00f6tt. Csak \u00edrd be a kulcssz\u00f3t \u00e9s keress!"},"footnotes":""},"class_list":["post-3275","page","type-page","status-publish","hentry"],"meta_box":[],"_links":{"self":[{"href":"https:\/\/peterteszary.com\/en\/wp-json\/wp\/v2\/pages\/3275","targetHints":{"allow":["GET"]}}],"collection":[{"href":"https:\/\/peterteszary.com\/en\/wp-json\/wp\/v2\/pages"}],"about":[{"href":"https:\/\/peterteszary.com\/en\/wp-json\/wp\/v2\/types\/page"}],"author":[{"embeddable":true,"href":"https:\/\/peterteszary.com\/en\/wp-json\/wp\/v2\/users\/1"}],"replies":[{"embeddable":true,"href":"https:\/\/peterteszary.com\/en\/wp-json\/wp\/v2\/comments?post=3275"}],"version-history":[{"count":0,"href":"https:\/\/peterteszary.com\/en\/wp-json\/wp\/v2\/pages\/3275\/revisions"}],"wp:attachment":[{"href":"https:\/\/peterteszary.com\/en\/wp-json\/wp\/v2\/media?parent=3275"}],"curies":[{"name":"wp","href":"https:\/\/api.w.org\/{rel}","templated":true}]}}