{"id":3322,"date":"2024-07-30T17:57:07","date_gmt":"2024-07-30T15:57:07","guid":{"rendered":"https:\/\/peterteszary.com\/?page_id=3322"},"modified":"2026-02-10T14:00:41","modified_gmt":"2026-02-10T12:00:41","slug":"hirlevel-feliratkozas","status":"publish","type":"page","link":"https:\/\/peterteszary.com\/en\/hirlevel-feliratkozas\/","title":{"rendered":"Newsletter subscription"},"content":{"rendered":"","protected":false},"excerpt":{"rendered":"<p>Join my newsletter list and be the first to know about the latest web development and SEO tips! Fresh ideas, helpful advice and exciting news.<\/p>","protected":false},"author":1,"featured_media":0,"parent":0,"menu_order":0,"comment_status":"closed","ping_status":"closed","template":"","meta":{"slim_seo":{"title":"H\u00edrlev\u00e9l Feliratkoz\u00e1s &#124; Weboldal Tippek, Online Marketing&#124; peterteszary.com","description":"Iratkozz fel h\u00edrlevelemre, \u00e9s kapj exkluz\u00edv webfejleszt\u00e9si tippeket, ingyenes \u00fatmutat\u00f3kat, \u00e9s k\u00fcl\u00f6nleges aj\u00e1nlatokat! Csatlakozz a k\u00f6z\u00f6ss\u00e9ghez! h\u00edrlev\u00e9l feliratkoz\u00e1shoz kattints!","facebook_image":"https:\/\/peterteszary.com\/wp-content\/uploads\/2023\/06\/peterteszary-sm-cover-2023.png","twitter_image":"https:\/\/peterteszary.com\/wp-content\/uploads\/2023\/06\/peterteszary-sm-cover-2023.png"},"footnotes":""},"class_list":["post-3322","page","type-page","status-publish","hentry"],"meta_box":[],"_links":{"self":[{"href":"https:\/\/peterteszary.com\/en\/wp-json\/wp\/v2\/pages\/3322","targetHints":{"allow":["GET"]}}],"collection":[{"href":"https:\/\/peterteszary.com\/en\/wp-json\/wp\/v2\/pages"}],"about":[{"href":"https:\/\/peterteszary.com\/en\/wp-json\/wp\/v2\/types\/page"}],"author":[{"embeddable":true,"href":"https:\/\/peterteszary.com\/en\/wp-json\/wp\/v2\/users\/1"}],"replies":[{"embeddable":true,"href":"https:\/\/peterteszary.com\/en\/wp-json\/wp\/v2\/comments?post=3322"}],"version-history":[{"count":3,"href":"https:\/\/peterteszary.com\/en\/wp-json\/wp\/v2\/pages\/3322\/revisions"}],"predecessor-version":[{"id":5403,"href":"https:\/\/peterteszary.com\/en\/wp-json\/wp\/v2\/pages\/3322\/revisions\/5403"}],"wp:attachment":[{"href":"https:\/\/peterteszary.com\/en\/wp-json\/wp\/v2\/media?parent=3322"}],"curies":[{"name":"wp","href":"https:\/\/api.w.org\/{rel}","templated":true}]}}