{"id":3604,"date":"2024-12-07T17:42:55","date_gmt":"2024-12-07T15:42:55","guid":{"rendered":"https:\/\/peterteszary.com\/?page_id=3604"},"modified":"2026-01-26T21:32:34","modified_gmt":"2026-01-26T19:32:34","slug":"weboldal-keszites-ara","status":"publish","type":"page","link":"https:\/\/peterteszary.com\/en\/weboldal-keszites-ara\/","title":{"rendered":"Website design price"},"content":{"rendered":"","protected":false},"excerpt":{"rendered":"<p>Find out what determines the cost of building a website and how you can tailor your costs to your needs. The pricing guide will help you understand the different factors. Details here!<\/p>","protected":false},"author":1,"featured_media":0,"parent":0,"menu_order":0,"comment_status":"closed","ping_status":"closed","template":"","meta":{"slim_seo":{"title":"Weboldal K\u00e9sz\u00edt\u00e9s \u00e1ra: Mennyibe ker\u00fcl egy honlap? &#124; peterteszary.com","description":"\u00c1tl\u00e1that\u00f3 weboldal k\u00e9sz\u00edt\u00e9s \u00e1rak KKV-knak. Tudj meg mindent a k\u00f6lts\u00e9gekr\u0151l, \u00e9s k\u00e9rj ingyenes, szem\u00e9lyre szabott \u00e1raj\u00e1nlatot WordPress honlapodra! Val\u00f3s \u00e9rt\u00e9k, korrekt \u00e1ron."},"footnotes":""},"class_list":["post-3604","page","type-page","status-publish","hentry"],"meta_box":[],"_links":{"self":[{"href":"https:\/\/peterteszary.com\/en\/wp-json\/wp\/v2\/pages\/3604","targetHints":{"allow":["GET"]}}],"collection":[{"href":"https:\/\/peterteszary.com\/en\/wp-json\/wp\/v2\/pages"}],"about":[{"href":"https:\/\/peterteszary.com\/en\/wp-json\/wp\/v2\/types\/page"}],"author":[{"embeddable":true,"href":"https:\/\/peterteszary.com\/en\/wp-json\/wp\/v2\/users\/1"}],"replies":[{"embeddable":true,"href":"https:\/\/peterteszary.com\/en\/wp-json\/wp\/v2\/comments?post=3604"}],"version-history":[{"count":0,"href":"https:\/\/peterteszary.com\/en\/wp-json\/wp\/v2\/pages\/3604\/revisions"}],"wp:attachment":[{"href":"https:\/\/peterteszary.com\/en\/wp-json\/wp\/v2\/media?parent=3604"}],"curies":[{"name":"wp","href":"https:\/\/api.w.org\/{rel}","templated":true}]}}