{"id":3626,"date":"2024-12-07T17:54:02","date_gmt":"2024-12-07T15:54:02","guid":{"rendered":"https:\/\/peterteszary.com\/?page_id=3626"},"modified":"2026-03-19T15:07:00","modified_gmt":"2026-03-19T13:07:00","slug":"webshop-keszites-ara","status":"publish","type":"page","link":"https:\/\/peterteszary.com\/en\/webshop-keszites-ara\/","title":{"rendered":"WebShop production price"},"content":{"rendered":"","protected":false},"excerpt":{"rendered":"<p>Find out what determines the cost of building a website and how you can tailor your costs to your needs. The pricing guide will help you understand the different factors. Details here!<\/p>","protected":false},"author":1,"featured_media":0,"parent":0,"menu_order":0,"comment_status":"closed","ping_status":"closed","template":"","meta":{"slim_seo":{"title":"Webshop k\u00e9sz\u00edt\u00e9s \u00e1ra: Mennyibe ker\u00fcl egy online \u00e1ruh\u00e1z? &#124; peterteszary.com","description":"\u00c1tl\u00e1that\u00f3 webshop k\u00e9sz\u00edt\u00e9s \u00e1rak KKV-knak. Tudj meg mindent a WooCommerce web\u00e1ruh\u00e1z ind\u00edt\u00e1s\u00e1nak k\u00f6lts\u00e9geir\u0151l, \u00e9s k\u00e9rj ingyenes \u00e1raj\u00e1nlatot. Val\u00f3s \u00e9rt\u00e9k, korrekt \u00e1ron"},"footnotes":""},"class_list":["post-3626","page","type-page","status-publish","hentry"],"meta_box":[],"_links":{"self":[{"href":"https:\/\/peterteszary.com\/en\/wp-json\/wp\/v2\/pages\/3626","targetHints":{"allow":["GET"]}}],"collection":[{"href":"https:\/\/peterteszary.com\/en\/wp-json\/wp\/v2\/pages"}],"about":[{"href":"https:\/\/peterteszary.com\/en\/wp-json\/wp\/v2\/types\/page"}],"author":[{"embeddable":true,"href":"https:\/\/peterteszary.com\/en\/wp-json\/wp\/v2\/users\/1"}],"replies":[{"embeddable":true,"href":"https:\/\/peterteszary.com\/en\/wp-json\/wp\/v2\/comments?post=3626"}],"version-history":[{"count":1,"href":"https:\/\/peterteszary.com\/en\/wp-json\/wp\/v2\/pages\/3626\/revisions"}],"predecessor-version":[{"id":5413,"href":"https:\/\/peterteszary.com\/en\/wp-json\/wp\/v2\/pages\/3626\/revisions\/5413"}],"wp:attachment":[{"href":"https:\/\/peterteszary.com\/en\/wp-json\/wp\/v2\/media?parent=3626"}],"curies":[{"name":"wp","href":"https:\/\/api.w.org\/{rel}","templated":true}]}}