{"id":3716,"date":"2024-12-11T16:03:17","date_gmt":"2024-12-11T14:03:17","guid":{"rendered":"https:\/\/peterteszary.com\/?page_id=3716"},"modified":"2026-01-28T11:11:29","modified_gmt":"2026-01-28T09:11:29","slug":"ingyenes-konzultacio","status":"publish","type":"page","link":"https:\/\/peterteszary.com\/en\/ingyenes-konzultacio\/","title":{"rendered":"Free consultation"},"content":{"rendered":"","protected":false},"excerpt":{"rendered":"<p>The appointment page of the free consultation. Everything works automatically, your thing is just booking the time.<\/p>","protected":false},"author":1,"featured_media":0,"parent":0,"menu_order":0,"comment_status":"closed","ping_status":"closed","template":"","meta":{"slim_seo":{"title":"Ingyenes Konzult\u00e1ci\u00f3 Weboldal Fejleszt\u00e9shez | peterteszary.com","description":"K\u00e9rj ingyenes \u00e9s k\u00f6telezetts\u00e9gmentes konzult\u00e1ci\u00f3t weboldaladhoz vagy webshopodhoz! V\u00e1lassz id\u0151pontot online, telefonon vagy szem\u00e9lyesen. Kezdj\u00fck el a k\u00f6z\u00f6s munk\u00e1t! Ingyenes konzult\u00e1ci\u00f3, kattints!"},"footnotes":""},"class_list":["post-3716","page","type-page","status-publish","hentry"],"meta_box":[],"_links":{"self":[{"href":"https:\/\/peterteszary.com\/en\/wp-json\/wp\/v2\/pages\/3716","targetHints":{"allow":["GET"]}}],"collection":[{"href":"https:\/\/peterteszary.com\/en\/wp-json\/wp\/v2\/pages"}],"about":[{"href":"https:\/\/peterteszary.com\/en\/wp-json\/wp\/v2\/types\/page"}],"author":[{"embeddable":true,"href":"https:\/\/peterteszary.com\/en\/wp-json\/wp\/v2\/users\/1"}],"replies":[{"embeddable":true,"href":"https:\/\/peterteszary.com\/en\/wp-json\/wp\/v2\/comments?post=3716"}],"version-history":[{"count":0,"href":"https:\/\/peterteszary.com\/en\/wp-json\/wp\/v2\/pages\/3716\/revisions"}],"wp:attachment":[{"href":"https:\/\/peterteszary.com\/en\/wp-json\/wp\/v2\/media?parent=3716"}],"curies":[{"name":"wp","href":"https:\/\/api.w.org\/{rel}","templated":true}]}}