{"id":3816,"date":"2025-01-16T11:19:56","date_gmt":"2025-01-16T09:19:56","guid":{"rendered":"https:\/\/peterteszary.com\/?page_id=3816"},"modified":"2026-01-26T21:54:42","modified_gmt":"2026-01-26T19:54:42","slug":"wordpress-fejlesztes-oradijas-alapon","status":"publish","type":"page","link":"https:\/\/peterteszary.com\/en\/wordpress-fejlesztes-oradijas-alapon\/","title":{"rendered":"WordPress development on an hourly basis"},"content":{"rendered":"","protected":false},"excerpt":{"rendered":"","protected":false},"author":1,"featured_media":0,"parent":0,"menu_order":0,"comment_status":"closed","ping_status":"closed","template":"","meta":{"slim_seo":{"title":"WordPress fejleszt\u00e9s \u00f3rad\u00edjas alapon &#124; peterteszary.com","description":"Rugalmas \u00e9s \u00e1tl\u00e1that\u00f3 WordPress fejleszt\u00e9s \u00f3rad\u00edjas alapon. Hibajav\u00edt\u00e1s, karbantart\u00e1s, m\u00f3dos\u00edt\u00e1sok c\u00e9geknek. Fizess csak annyi\u00e9rt, amennyit haszn\u00e1lsz! K\u00e9rj ingyenes konzult\u00e1ci\u00f3t!"},"footnotes":""},"class_list":["post-3816","page","type-page","status-publish","hentry"],"meta_box":[],"_links":{"self":[{"href":"https:\/\/peterteszary.com\/en\/wp-json\/wp\/v2\/pages\/3816","targetHints":{"allow":["GET"]}}],"collection":[{"href":"https:\/\/peterteszary.com\/en\/wp-json\/wp\/v2\/pages"}],"about":[{"href":"https:\/\/peterteszary.com\/en\/wp-json\/wp\/v2\/types\/page"}],"author":[{"embeddable":true,"href":"https:\/\/peterteszary.com\/en\/wp-json\/wp\/v2\/users\/1"}],"replies":[{"embeddable":true,"href":"https:\/\/peterteszary.com\/en\/wp-json\/wp\/v2\/comments?post=3816"}],"version-history":[{"count":0,"href":"https:\/\/peterteszary.com\/en\/wp-json\/wp\/v2\/pages\/3816\/revisions"}],"wp:attachment":[{"href":"https:\/\/peterteszary.com\/en\/wp-json\/wp\/v2\/media?parent=3816"}],"curies":[{"name":"wp","href":"https:\/\/api.w.org\/{rel}","templated":true}]}}