{"id":4167,"date":"2025-06-12T11:36:34","date_gmt":"2025-06-12T09:36:34","guid":{"rendered":"https:\/\/peterteszary.com\/?page_id=4167"},"modified":"2026-01-26T21:22:07","modified_gmt":"2026-01-26T19:22:07","slug":"weboldal-es-webshop-reszletfizetes","status":"publish","type":"page","link":"https:\/\/peterteszary.com\/en\/weboldal-es-webshop-reszletfizetes\/","title":{"rendered":"Website and Webshop payment in instalments"},"content":{"rendered":"","protected":false},"excerpt":{"rendered":"","protected":false},"author":1,"featured_media":0,"parent":0,"menu_order":0,"comment_status":"closed","ping_status":"closed","template":"","meta":{"slim_seo":{"title":"Weboldal \u00e9s Webshop r\u00e9szletfizet\u00e9s &#124; peterteszary.com","description":"Weboldal vagy webshop r\u00e9szletfizet\u00e9ssel? Ind\u00edtsd el online sikered kock\u00e1zat n\u00e9lk\u00fcl! Fizess k\u00e9nyelmesen, kisebb r\u00e9szletekben. K\u00e9rj ingyenes konzult\u00e1ci\u00f3t! Weboldal \u00e9s Webshop r\u00e9szletfizet\u00e9s m\u00e9g ma!"},"footnotes":""},"class_list":["post-4167","page","type-page","status-publish","hentry"],"meta_box":[],"_links":{"self":[{"href":"https:\/\/peterteszary.com\/en\/wp-json\/wp\/v2\/pages\/4167","targetHints":{"allow":["GET"]}}],"collection":[{"href":"https:\/\/peterteszary.com\/en\/wp-json\/wp\/v2\/pages"}],"about":[{"href":"https:\/\/peterteszary.com\/en\/wp-json\/wp\/v2\/types\/page"}],"author":[{"embeddable":true,"href":"https:\/\/peterteszary.com\/en\/wp-json\/wp\/v2\/users\/1"}],"replies":[{"embeddable":true,"href":"https:\/\/peterteszary.com\/en\/wp-json\/wp\/v2\/comments?post=4167"}],"version-history":[{"count":0,"href":"https:\/\/peterteszary.com\/en\/wp-json\/wp\/v2\/pages\/4167\/revisions"}],"wp:attachment":[{"href":"https:\/\/peterteszary.com\/en\/wp-json\/wp\/v2\/media?parent=4167"}],"curies":[{"name":"wp","href":"https:\/\/api.w.org\/{rel}","templated":true}]}}