{"id":4390,"date":"2025-10-01T13:39:45","date_gmt":"2025-10-01T11:39:45","guid":{"rendered":"https:\/\/peterteszary.com\/?page_id=4390"},"modified":"2026-01-26T20:57:03","modified_gmt":"2026-01-26T18:57:03","slug":"partneri-egyuttmukodes","status":"publish","type":"page","link":"https:\/\/peterteszary.com\/en\/partneri-egyuttmukodes\/","title":{"rendered":"Collaboration with partners"},"content":{"rendered":"","protected":false},"excerpt":{"rendered":"<p>Unleash your team and let WordPress\/WooCommerce projects be fully implemented by an experienced, independent professional who speaks your language.<\/p>","protected":false},"author":1,"featured_media":0,"parent":0,"menu_order":0,"comment_status":"closed","ping_status":"closed","template":"","meta":{"slim_seo":{"description":"Szabad\u00edtsd fel a csapatodat, \u00e9s b\u00edzd a WordPress\/WooCommerce projektek teljes k\u00f6r\u0171 kivitelez\u00e9s\u00e9t egy tapasztalt, \u00f6n\u00e1ll\u00f3 szakemberre, aki a te nyelveden besz\u00e9l.","title":"Partneri egy\u00fcttm\u0171k\u00f6d\u00e9s - peterteszary.com"},"footnotes":""},"class_list":["post-4390","page","type-page","status-publish","hentry"],"meta_box":[],"_links":{"self":[{"href":"https:\/\/peterteszary.com\/en\/wp-json\/wp\/v2\/pages\/4390","targetHints":{"allow":["GET"]}}],"collection":[{"href":"https:\/\/peterteszary.com\/en\/wp-json\/wp\/v2\/pages"}],"about":[{"href":"https:\/\/peterteszary.com\/en\/wp-json\/wp\/v2\/types\/page"}],"author":[{"embeddable":true,"href":"https:\/\/peterteszary.com\/en\/wp-json\/wp\/v2\/users\/1"}],"replies":[{"embeddable":true,"href":"https:\/\/peterteszary.com\/en\/wp-json\/wp\/v2\/comments?post=4390"}],"version-history":[{"count":0,"href":"https:\/\/peterteszary.com\/en\/wp-json\/wp\/v2\/pages\/4390\/revisions"}],"wp:attachment":[{"href":"https:\/\/peterteszary.com\/en\/wp-json\/wp\/v2\/media?parent=4390"}],"curies":[{"name":"wp","href":"https:\/\/api.w.org\/{rel}","templated":true}]}}