{"id":46,"date":"2021-06-13T06:58:05","date_gmt":"2021-06-13T06:58:05","guid":{"rendered":"https:\/\/peterteszary.com\/?page_id=46"},"modified":"2026-01-27T07:40:09","modified_gmt":"2026-01-27T05:40:09","slug":"weboldal-fejlesztes","status":"publish","type":"page","link":"https:\/\/peterteszary.com\/en\/weboldal-fejlesztes\/","title":{"rendered":"Website development"},"content":{"rendered":"","protected":false},"excerpt":{"rendered":"<p>Modern, fast and mobile-friendly website development services that provide professional online presence and search engine-optimized solutions tailored to individual needs. Find out more!<\/p>","protected":false},"author":1,"featured_media":0,"parent":0,"menu_order":0,"comment_status":"closed","ping_status":"closed","template":"","meta":{"slim_seo":{"title":"Weboldal Fejleszt\u00e9s KKV-knak &#124; WordPress Honlap K\u00e9sz\u00edt\u00e9s &#124; peterteszary.com","description":"Professzion\u00e1lis weboldal fejleszt\u00e9s kisv\u00e1llalkoz\u00e1soknak. Egyedi, mobilbar\u00e1t \u00e9s SEO-ra optimaliz\u00e1lt WordPress honlapok, teljes k\u00f6r\u0171 \u00fcgyint\u00e9z\u00e9ssel. K\u00e9rj ingyenes konzult\u00e1ci\u00f3t!","facebook_image":"https:\/\/peterteszary.com\/wp-content\/uploads\/2023\/06\/peterteszary-sm-cover-2023.png","twitter_image":"https:\/\/peterteszary.com\/wp-content\/uploads\/2023\/06\/peterteszary-sm-cover-2023.png"},"footnotes":""},"class_list":["post-46","page","type-page","status-publish","hentry"],"meta_box":[],"_links":{"self":[{"href":"https:\/\/peterteszary.com\/en\/wp-json\/wp\/v2\/pages\/46","targetHints":{"allow":["GET"]}}],"collection":[{"href":"https:\/\/peterteszary.com\/en\/wp-json\/wp\/v2\/pages"}],"about":[{"href":"https:\/\/peterteszary.com\/en\/wp-json\/wp\/v2\/types\/page"}],"author":[{"embeddable":true,"href":"https:\/\/peterteszary.com\/en\/wp-json\/wp\/v2\/users\/1"}],"replies":[{"embeddable":true,"href":"https:\/\/peterteszary.com\/en\/wp-json\/wp\/v2\/comments?post=46"}],"version-history":[{"count":0,"href":"https:\/\/peterteszary.com\/en\/wp-json\/wp\/v2\/pages\/46\/revisions"}],"wp:attachment":[{"href":"https:\/\/peterteszary.com\/en\/wp-json\/wp\/v2\/media?parent=46"}],"curies":[{"name":"wp","href":"https:\/\/api.w.org\/{rel}","templated":true}]}}