{"id":49,"date":"2021-06-13T07:05:07","date_gmt":"2021-06-13T07:05:07","guid":{"rendered":"https:\/\/peterteszary.com\/?page_id=49"},"modified":"2026-01-26T21:39:10","modified_gmt":"2026-01-26T19:39:10","slug":"webshop-fejlesztes","status":"publish","type":"page","link":"https:\/\/peterteszary.com\/en\/webshop-fejlesztes\/","title":{"rendered":"Webshop development"},"content":{"rendered":"","protected":false},"excerpt":{"rendered":"<p>Modern, fast and mobile-friendly webshop development services that provide professional online presence and search engine optimised solutions tailored to individual needs. Find out more!<\/p>","protected":false},"author":1,"featured_media":0,"parent":0,"menu_order":0,"comment_status":"closed","ping_status":"closed","template":"","meta":{"slim_seo":{"title":"WebShop Fejleszt\u00e9s KKV-knak &#124; WooCommerce Online \u00c1ruh\u00e1z K\u00e9sz\u00edt\u00e9s","description":"Professzion\u00e1lis webshop fejleszt\u00e9s kisv\u00e1llalkoz\u00e1soknak. Egyedi, mobilbar\u00e1t \u00e9s biztons\u00e1gos WooCommerce online \u00e1ruh\u00e1zak, teljes k\u00f6r\u0171 \u00fcgyint\u00e9z\u00e9ssel. K\u00e9rj ingyenes konzult\u00e1ci\u00f3t!","facebook_image":"https:\/\/peterteszary.com\/wp-content\/uploads\/2023\/06\/peterteszary-sm-cover-2023.png","twitter_image":"https:\/\/peterteszary.com\/wp-content\/uploads\/2023\/06\/peterteszary-sm-cover-2023.png"},"footnotes":""},"class_list":["post-49","page","type-page","status-publish","hentry"],"meta_box":[],"_links":{"self":[{"href":"https:\/\/peterteszary.com\/en\/wp-json\/wp\/v2\/pages\/49","targetHints":{"allow":["GET"]}}],"collection":[{"href":"https:\/\/peterteszary.com\/en\/wp-json\/wp\/v2\/pages"}],"about":[{"href":"https:\/\/peterteszary.com\/en\/wp-json\/wp\/v2\/types\/page"}],"author":[{"embeddable":true,"href":"https:\/\/peterteszary.com\/en\/wp-json\/wp\/v2\/users\/1"}],"replies":[{"embeddable":true,"href":"https:\/\/peterteszary.com\/en\/wp-json\/wp\/v2\/comments?post=49"}],"version-history":[{"count":0,"href":"https:\/\/peterteszary.com\/en\/wp-json\/wp\/v2\/pages\/49\/revisions"}],"wp:attachment":[{"href":"https:\/\/peterteszary.com\/en\/wp-json\/wp\/v2\/media?parent=49"}],"curies":[{"name":"wp","href":"https:\/\/api.w.org\/{rel}","templated":true}]}}