{"id":52,"date":"2021-06-13T07:06:20","date_gmt":"2021-06-13T07:06:20","guid":{"rendered":"https:\/\/peterteszary.com\/?page_id=52"},"modified":"2025-06-12T13:08:16","modified_gmt":"2025-06-12T11:08:16","slug":"webdesign-keszites","status":"publish","type":"page","link":"https:\/\/peterteszary.com\/en\/webdesign-keszites\/","title":{"rendered":"Webdesign creation"},"content":{"rendered":"","protected":false},"excerpt":{"rendered":"<p>Website design, Social Media materials, Logo design and print materials.<\/p>","protected":false},"author":1,"featured_media":0,"parent":0,"menu_order":0,"comment_status":"closed","ping_status":"closed","template":"","meta":{"slim_seo":{"title":"WebDesign k\u00e9sz\u00edt\u00e9s - peterteszary.com","description":"Webdesign k\u00e9sz\u00edt\u00e9s, Weboldal tervez\u00e9s, Social Media anyagok, Log\u00f3tervez\u00e9s \u00e9s print anyagok kivitelez\u00e9se."},"footnotes":""},"class_list":["post-52","page","type-page","status-publish","hentry"],"meta_box":[],"_links":{"self":[{"href":"https:\/\/peterteszary.com\/en\/wp-json\/wp\/v2\/pages\/52","targetHints":{"allow":["GET"]}}],"collection":[{"href":"https:\/\/peterteszary.com\/en\/wp-json\/wp\/v2\/pages"}],"about":[{"href":"https:\/\/peterteszary.com\/en\/wp-json\/wp\/v2\/types\/page"}],"author":[{"embeddable":true,"href":"https:\/\/peterteszary.com\/en\/wp-json\/wp\/v2\/users\/1"}],"replies":[{"embeddable":true,"href":"https:\/\/peterteszary.com\/en\/wp-json\/wp\/v2\/comments?post=52"}],"version-history":[{"count":0,"href":"https:\/\/peterteszary.com\/en\/wp-json\/wp\/v2\/pages\/52\/revisions"}],"wp:attachment":[{"href":"https:\/\/peterteszary.com\/en\/wp-json\/wp\/v2\/media?parent=52"}],"curies":[{"name":"wp","href":"https:\/\/api.w.org\/{rel}","templated":true}]}}