{"id":54,"date":"2021-06-13T07:07:06","date_gmt":"2021-06-13T07:07:06","guid":{"rendered":"https:\/\/peterteszary.com\/?page_id=54"},"modified":"2026-01-26T21:14:01","modified_gmt":"2026-01-26T19:14:01","slug":"seo-keresooptimalizalas","status":"publish","type":"page","link":"https:\/\/peterteszary.com\/en\/seo-keresooptimalizalas\/","title":{"rendered":"SEO | Search Engine Optimization"},"content":{"rendered":"","protected":false},"excerpt":{"rendered":"<p>Professional SEO services that help improve the visibility of your website in search engines, increasing organic traffic and customer reach<\/p>","protected":false},"author":1,"featured_media":0,"parent":0,"menu_order":0,"comment_status":"closed","ping_status":"closed","template":"","meta":{"slim_seo":{"title":"SEO Keres\u0151optimaliz\u00e1l\u00e1s KKV-knak &#124; Google Helyez\u00e9s Jav\u00edt\u00e1s &#124; peterteszary.com","description":"N\u00f6veld online l\u00e1that\u00f3s\u00e1god professzion\u00e1lis SEO keres\u0151optimaliz\u00e1l\u00e1ssal! \u00c9rd el az els\u0151 Google helyez\u00e9seket WordPress weboldaladdal. K\u00e9rj ingyenes konzult\u00e1ci\u00f3t!","facebook_image":"https:\/\/peterteszary.com\/wp-content\/uploads\/2023\/06\/peterteszary-sm-cover-2023.png","twitter_image":"https:\/\/peterteszary.com\/wp-content\/uploads\/2023\/06\/peterteszary-sm-cover-2023.png"},"footnotes":""},"class_list":["post-54","page","type-page","status-publish","hentry"],"meta_box":[],"_links":{"self":[{"href":"https:\/\/peterteszary.com\/en\/wp-json\/wp\/v2\/pages\/54","targetHints":{"allow":["GET"]}}],"collection":[{"href":"https:\/\/peterteszary.com\/en\/wp-json\/wp\/v2\/pages"}],"about":[{"href":"https:\/\/peterteszary.com\/en\/wp-json\/wp\/v2\/types\/page"}],"author":[{"embeddable":true,"href":"https:\/\/peterteszary.com\/en\/wp-json\/wp\/v2\/users\/1"}],"replies":[{"embeddable":true,"href":"https:\/\/peterteszary.com\/en\/wp-json\/wp\/v2\/comments?post=54"}],"version-history":[{"count":0,"href":"https:\/\/peterteszary.com\/en\/wp-json\/wp\/v2\/pages\/54\/revisions"}],"wp:attachment":[{"href":"https:\/\/peterteszary.com\/en\/wp-json\/wp\/v2\/media?parent=54"}],"curies":[{"name":"wp","href":"https:\/\/api.w.org\/{rel}","templated":true}]}}