{"id":8,"date":"2021-06-11T14:41:16","date_gmt":"2021-06-11T14:41:16","guid":{"rendered":"https:\/\/peterteszary.com\/?page_id=8"},"modified":"2026-03-28T11:04:14","modified_gmt":"2026-03-28T09:04:14","slug":"weboldal-es-webshop-fejlesztes","status":"publish","type":"page","link":"https:\/\/peterteszary.com\/en\/","title":{"rendered":"Website and webshop development"},"content":{"rendered":"","protected":false},"excerpt":{"rendered":"<p>Website and WebShop development | Webdesign and SEO. Complex solutions in one place. Ask for a free consultation now. <\/p>","protected":false},"author":1,"featured_media":0,"parent":0,"menu_order":0,"comment_status":"closed","ping_status":"closed","template":"","meta":{"slim_seo":{"title":"Weboldal \u00e9s webshop fejleszt\u00e9s | peterteszary.com","description":"Weboldal \u00e9s WebShop fejleszt\u00e9s | Webdesign \u00e9s SEO. Komplex megold\u00e1sok egy helyen. K\u00e9rj ingyenes konzult\u00e1ci\u00f3t most.","facebook_image":"https:\/\/peterteszary.com\/wp-content\/uploads\/2023\/06\/peterteszary-sm-cover-2023.png","twitter_image":"https:\/\/peterteszary.com\/wp-content\/uploads\/2023\/06\/peterteszary-sm-cover-2023.png"},"footnotes":""},"class_list":["post-8","page","type-page","status-publish","hentry"],"meta_box":[],"_links":{"self":[{"href":"https:\/\/peterteszary.com\/en\/wp-json\/wp\/v2\/pages\/8","targetHints":{"allow":["GET"]}}],"collection":[{"href":"https:\/\/peterteszary.com\/en\/wp-json\/wp\/v2\/pages"}],"about":[{"href":"https:\/\/peterteszary.com\/en\/wp-json\/wp\/v2\/types\/page"}],"author":[{"embeddable":true,"href":"https:\/\/peterteszary.com\/en\/wp-json\/wp\/v2\/users\/1"}],"replies":[{"embeddable":true,"href":"https:\/\/peterteszary.com\/en\/wp-json\/wp\/v2\/comments?post=8"}],"version-history":[{"count":1,"href":"https:\/\/peterteszary.com\/en\/wp-json\/wp\/v2\/pages\/8\/revisions"}],"predecessor-version":[{"id":5416,"href":"https:\/\/peterteszary.com\/en\/wp-json\/wp\/v2\/pages\/8\/revisions\/5416"}],"wp:attachment":[{"href":"https:\/\/peterteszary.com\/en\/wp-json\/wp\/v2\/media?parent=8"}],"curies":[{"name":"wp","href":"https:\/\/api.w.org\/{rel}","templated":true}]}}